{"id":45,"date":"2024-11-19T08:43:25","date_gmt":"2024-11-19T07:43:25","guid":{"rendered":"https:\/\/wk.mwd-dev.lu\/?page_id=45"},"modified":"2025-01-10T10:25:25","modified_gmt":"2025-01-10T09:25:25","slug":"mme-solene-nennig","status":"publish","type":"page","link":"https:\/\/wirionkauffman.lu\/de\/lequipe\/mme-solene-nennig\/","title":{"rendered":"Mme Sol\u00e8ne NENNIG"},"content":{"rendered":"<h1><span>Sol\u00e8ne NENNIG<\/span><\/h1>\n<div>\n<p>Secr\u00e9taire<\/p>\n<\/div>\n<p><img decoding=\"async\" src=\"\/_res\/uploads\/2024\/11\/solenenennig-wirion-kauffman-scaled.jpg\" alt=\"\"><\/p>\n<div>\n<p><span>Mme Sol\u00e8ne NENNIG a rejoint l\u2019\u00e9tude en 2021 en tant que secr\u00e9taire personnelle de Me Jean KAUFFMAN.<\/span><\/p>\n<hr \/>\n<p><em>Ses langues parl\u00e9es sont le fran\u00e7ais, l\u2019anglais et le luxembourgeois.<\/em><\/p>\n<hr \/>\n<\/div>\n<ul>\n<li><a href=\"mailto:rghqr@jvevbaxnhsszna.yh\">mail<\/a>\n<\/li>\n<li><a href=\"tel:+3522227181 \">receiver<\/a>\n<\/li>\n<\/ul>\n<p>\n <a href=\"\/lequipe\">Retour \u00e0 l&#8217;\u00e9quipe<\/a>\n<\/p>\n<p><br \/>\n<\/p>\n","protected":false},"excerpt":{"rendered":"<p>Sol\u00e8ne NENNIG Secr\u00e9taire Mme Sol\u00e8ne NENNIG a rejoint l\u2019\u00e9tude en 2021 en tant que secr\u00e9taire personnelle de Me Jean KAUFFMAN. Ses langues parl\u00e9es sont le fran\u00e7ais, l\u2019anglais et le luxembourgeois. mail receiver Retour \u00e0 l&#8217;\u00e9quipe<\/p>\n","protected":false},"author":1,"featured_media":0,"parent":8,"menu_order":0,"comment_status":"closed","ping_status":"closed","template":"","meta":{"footnotes":""},"class_list":["post-45","page","type-page","status-publish","hentry"],"acf":[],"_links":{"self":[{"href":"https:\/\/wirionkauffman.lu\/de\/wp-json\/wp\/v2\/pages\/45","targetHints":{"allow":["GET"]}}],"collection":[{"href":"https:\/\/wirionkauffman.lu\/de\/wp-json\/wp\/v2\/pages"}],"about":[{"href":"https:\/\/wirionkauffman.lu\/de\/wp-json\/wp\/v2\/types\/page"}],"author":[{"embeddable":true,"href":"https:\/\/wirionkauffman.lu\/de\/wp-json\/wp\/v2\/users\/1"}],"replies":[{"embeddable":true,"href":"https:\/\/wirionkauffman.lu\/de\/wp-json\/wp\/v2\/comments?post=45"}],"version-history":[{"count":0,"href":"https:\/\/wirionkauffman.lu\/de\/wp-json\/wp\/v2\/pages\/45\/revisions"}],"up":[{"embeddable":true,"href":"https:\/\/wirionkauffman.lu\/de\/wp-json\/wp\/v2\/pages\/8"}],"wp:attachment":[{"href":"https:\/\/wirionkauffman.lu\/de\/wp-json\/wp\/v2\/media?parent=45"}],"curies":[{"name":"wp","href":"https:\/\/api.w.org\/{rel}","templated":true}]}}