{"id":10,"date":"2024-11-18T12:17:22","date_gmt":"2024-11-18T11:17:22","guid":{"rendered":"https:\/\/wk.mwd-dev.lu\/?page_id=10"},"modified":"2025-01-10T10:42:13","modified_gmt":"2025-01-10T09:42:13","slug":"contact","status":"publish","type":"page","link":"https:\/\/wirionkauffman.lu\/lu\/contact\/","title":{"rendered":"Kontakt"},"content":{"rendered":"<h1>Contact<\/h1>\n<div>\n<p>Le cabinet d&#8217;avocats ETUDE WIRION + KAUFFMAN est situ\u00e9 au centre de la Ville de Luxembourg, au troisi\u00e8me \u00e9tage du b\u00e2timent Neuberg, 7 Place Du Th\u00e9\u00e2tre, L-2613 Luxembourg.<\/p>\n<\/div>\n<h2>Contactez-nous<\/h2>\n<div>7, Place du Th\u00e9\u00e2tre<br \/>\nL-2613 Luxembourg<\/div>\n<ul>\n<li>\n<p><a href=\"tel:+3522227181\">(+352) 22 27 18 1<\/a><\/p>\n<\/li>\n<li>\n<p><a href=\"mailto:rghqr@jvevbaxnhsszna.yh\">rghqr@jvevbaxnhsszna.yh<\/a><\/p>\n<\/li>\n<\/ul>\n<div>\n<p>49.61264939857696,6.130735865923088<\/p>\n<div>Wirion + Kauffman<\/div>\n<p>Avocats \u00e0 la Cour<\/p>\n<div>\n<p>7,\u00a0 Place du Th\u00e9\u00e2tre<br \/>\n<br \/>L-2613\u00a0 Luxembourg<\/p>\n<\/div>\n<\/div>\n<p><br \/>\n<\/p>\n","protected":false},"excerpt":{"rendered":"<p>Contact Le cabinet d&#8217;avocats ETUDE WIRION + KAUFFMAN est situ\u00e9 au centre de la Ville de Luxembourg, au troisi\u00e8me \u00e9tage du b\u00e2timent Neuberg, 7 Place Du Th\u00e9\u00e2tre, L-2613 Luxembourg. Contactez-nous 7, Place du Th\u00e9\u00e2tre L-2613 Luxembourg (+352) 22 27 18 1 rghqr@jvevbaxnhsszna.yh 49.61264939857696,6.130735865923088 Wirion + Kauffman Avocats \u00e0 la Cour 7,\u00a0 Place du Th\u00e9\u00e2tre L-2613\u00a0 [&hellip;]<\/p>\n","protected":false},"author":1,"featured_media":0,"parent":0,"menu_order":0,"comment_status":"closed","ping_status":"closed","template":"","meta":{"footnotes":""},"class_list":["post-10","page","type-page","status-publish","hentry"],"acf":[],"_links":{"self":[{"href":"https:\/\/wirionkauffman.lu\/lu\/wp-json\/wp\/v2\/pages\/10","targetHints":{"allow":["GET"]}}],"collection":[{"href":"https:\/\/wirionkauffman.lu\/lu\/wp-json\/wp\/v2\/pages"}],"about":[{"href":"https:\/\/wirionkauffman.lu\/lu\/wp-json\/wp\/v2\/types\/page"}],"author":[{"embeddable":true,"href":"https:\/\/wirionkauffman.lu\/lu\/wp-json\/wp\/v2\/users\/1"}],"replies":[{"embeddable":true,"href":"https:\/\/wirionkauffman.lu\/lu\/wp-json\/wp\/v2\/comments?post=10"}],"version-history":[{"count":0,"href":"https:\/\/wirionkauffman.lu\/lu\/wp-json\/wp\/v2\/pages\/10\/revisions"}],"wp:attachment":[{"href":"https:\/\/wirionkauffman.lu\/lu\/wp-json\/wp\/v2\/media?parent=10"}],"curies":[{"name":"wp","href":"https:\/\/api.w.org\/{rel}","templated":true}]}}